{"id":66,"date":"2021-10-20T17:36:15","date_gmt":"2021-10-20T15:36:15","guid":{"rendered":"https:\/\/www.armaturis.com\/?page_id=66"},"modified":"2021-10-21T11:41:07","modified_gmt":"2021-10-21T09:41:07","slug":"nous","status":"publish","type":"page","link":"https:\/\/www.armaturis.com\/en\/nous\/","title":{"rendered":"About ARMATURIS \u00ae"},"content":{"rendered":"<div class=\"vc_row wpb_row vc_row-fluid\"><div class=\"wpb_column vc_column_container vc_col-sm-12\"><div class=\"vc_column-inner\"><div class=\"wpb_wrapper\"><h3 style=\"color: #ff8c00;text-align: center\" class=\"vc_custom_heading\" >ARMATURIS\u00ae<\/h3>\n\t<div class=\"wpb_text_column wpb_content_element\" >\n\t\t<div class=\"wpb_wrapper\">\n\t\t\t<p style=\"text-align: center;\">Our company was created to solve a technical challenge. Since 2009, we have researched and developed a new steel reinforcement splicing system called \u201cH\u00e9risson<sup>\u00ae<\/sup>\u201d, a range of high performance couplers which offer maximum adhesion to concrete. Thanks to unequalled qualities of resistance, particularly in seismic conditions, our splices maximize the stability of concrete. In the nuclear industry for example, together with other outstanding engineered structures, the stakes are high!<\/p>\n\n\t\t<\/div>\n\t<\/div>\n<h5 style=\"text-align: center\" class=\"vc_custom_heading\" >THE HISTORY OF CONCRETE, THE EVOLUTION OF MECHANICAL COUPLERS<\/h5><div class=\"vc_separator wpb_content_element vc_separator_align_center vc_sep_width_30 vc_sep_pos_align_center vc_separator_no_text vc_sep_color_grey  home-separateur\" ><span class=\"vc_sep_holder vc_sep_holder_l\"><span  class=\"vc_sep_line\"><\/span><\/span><span class=\"vc_sep_holder vc_sep_holder_r\"><span  class=\"vc_sep_line\"><\/span><\/span>\n<\/div><div class=\"vc_row wpb_row vc_inner vc_row-fluid\"><div class=\"wpb_column vc_column_container vc_col-sm-4\"><div class=\"vc_column-inner\"><div class=\"wpb_wrapper\"><\/div><\/div><\/div><div class=\"wpb_column vc_column_container vc_col-sm-4\"><div class=\"vc_column-inner\"><div class=\"wpb_wrapper\">\n\t<div class=\"wpb_video_widget wpb_content_element vc_clearfix   vc_video-aspect-ratio-169 vc_video-el-width-100 vc_video-align-left\" >\n\t\t<div class=\"wpb_wrapper\">\n\t\t\t\n\t\t\t<div class=\"wpb_video_wrapper\"><iframe loading=\"lazy\" title=\"L&#039;histoire du b\u00e9ton arm\u00e9, l&#039;\u00e9volution des liaisons d&#039;armatures\" width=\"500\" height=\"375\" src=\"https:\/\/www.youtube.com\/embed\/yywVjWtDr80?feature=oembed\" frameborder=\"0\" allow=\"accelerometer; autoplay; clipboard-write; encrypted-media; gyroscope; picture-in-picture; web-share\" referrerpolicy=\"strict-origin-when-cross-origin\" allowfullscreen><\/iframe><\/div>\n\t\t<\/div>\n\t<\/div>\n<\/div><\/div><\/div><div class=\"wpb_column vc_column_container vc_col-sm-4\"><div class=\"vc_column-inner\"><div class=\"wpb_wrapper\"><\/div><\/div><\/div><\/div><\/div><\/div><\/div><\/div>"},"excerpt":{"rendered":"ARMATURIS\u00ae Notre entreprise est n\u00e9e pour r\u00e9soudre un d\u00e9fi technique. Depuis 2009, nous avons con\u00e7u et [...]","protected":false},"author":1,"featured_media":0,"parent":0,"menu_order":0,"comment_status":"closed","ping_status":"closed","template":"","meta":{"footnotes":""},"class_list":["post-66","page","type-page","status-publish","hentry"],"_links":{"self":[{"href":"https:\/\/www.armaturis.com\/en\/wp-json\/wp\/v2\/pages\/66","targetHints":{"allow":["GET"]}}],"collection":[{"href":"https:\/\/www.armaturis.com\/en\/wp-json\/wp\/v2\/pages"}],"about":[{"href":"https:\/\/www.armaturis.com\/en\/wp-json\/wp\/v2\/types\/page"}],"author":[{"embeddable":true,"href":"https:\/\/www.armaturis.com\/en\/wp-json\/wp\/v2\/users\/1"}],"replies":[{"embeddable":true,"href":"https:\/\/www.armaturis.com\/en\/wp-json\/wp\/v2\/comments?post=66"}],"version-history":[{"count":2,"href":"https:\/\/www.armaturis.com\/en\/wp-json\/wp\/v2\/pages\/66\/revisions"}],"predecessor-version":[{"id":125,"href":"https:\/\/www.armaturis.com\/en\/wp-json\/wp\/v2\/pages\/66\/revisions\/125"}],"wp:attachment":[{"href":"https:\/\/www.armaturis.com\/en\/wp-json\/wp\/v2\/media?parent=66"}],"curies":[{"name":"wp","href":"https:\/\/api.w.org\/{rel}","templated":true}]}}