{"id":73,"date":"2021-10-20T17:37:29","date_gmt":"2021-10-20T15:37:29","guid":{"rendered":"https:\/\/www.armaturis.com\/?page_id=73"},"modified":"2022-04-14T11:14:58","modified_gmt":"2022-04-14T09:14:58","slug":"references","status":"publish","type":"page","link":"http:\/\/www.armaturis.com\/en\/references\/","title":{"rendered":"References"},"content":{"rendered":"<div class=\"vc_row wpb_row vc_row-fluid\"><div class=\"wpb_column vc_column_container vc_col-sm-12\"><div class=\"vc_column-inner\"><div class=\"wpb_wrapper\"><h3 style=\"color: #542418;text-align: center\" class=\"vc_custom_heading\" >REFERENCES<\/h3><div class=\"vc_empty_space\"   style=\"height: 32px\"><span class=\"vc_empty_space_inner\"><\/span><\/div>\n\t<div class=\"wpb_text_column wpb_content_element\" >\n\t\t<div class=\"wpb_wrapper\">\n\t\t\t<p style=\"text-align: center;\">Since 2009, H\u00e9risson<sup>\u00ae<\/sup>\u00a0couplers have been specified and used on numerous projects, in various different construction sectors<br \/>\nin France and in the United Kingdom.<\/p>\n<p style=\"text-align: center;\"><strong>Power - Nuclear<\/strong><br \/>\n- Jules Horowitz material testing Reactor<br \/>\n- TDC Project, Aldermaston<br \/>\n- La HAGUE EEVLH interim storage building<br \/>\n- Pegasus Main Works Ph.1 &amp; 2<br \/>\n- Cementation\/handling building<br \/>\n- ITER experimental fusion power plant<br \/>\n- EPURE building<br \/>\n- Ultimate Emergency Diesel Units<\/p>\n<p style=\"text-align: center;\"><strong>Power - Hydraulic<\/strong><br \/>\n- Corsica Rizzanese dam<br \/>\n- New Chatou dam<\/p>\n<p style=\"text-align: center;\"><strong>Commercial &amp; Residential<\/strong><br \/>\n- Cannes St Cassien \"AQUAVIVA\" sewage treatment plant<br \/>\n- Marseille \"Terrasses du Port\"<br \/>\n- Paris - Batignolles thick slabs<br \/>\n- London Bloomberg european headquarters<br \/>\n- St Raphael harbour<br \/>\n- Lyon \"Stade des Lumi\u00e8res\" football stadium<br \/>\n- Battersea Power Station Development Phase 1<br \/>\n- Shepherd\u2019s Bush Westfield Phase 2<br \/>\n- Northern Dock Car Park<br \/>\n- New Cambridge R&amp;D Center &amp; Headquarters<br \/>\n- Wimbledon Courts 1 &amp; 19<br \/>\n- ARIANE 6 ELA4 launch comple<\/p>\n<p style=\"text-align: center;\"><strong>Roads &amp; Railways<\/strong><br \/>\n- East european high speed railroad \u2013 section G phase 2 lot 41<br \/>\n- Verdun sur Garonne suspension bridge<br \/>\n- Bergerac Dordogne viaduct<br \/>\n- South european high speed railroad lots 12 to 15<br \/>\n- Brittany \u2013 Pays de la Loire high speed railroad lots F &amp; G<br \/>\n- Crossrail Paddington station<br \/>\n- Nouvelle Route du Littoral<br \/>\n- Douala 2<sup>nd<\/sup>\u00a0Bridge over the Wouri<br \/>\n- Stepney Green &amp; Limmo shafts<\/p>\n\n\t\t<\/div>\n\t<\/div>\n<\/div><\/div><\/div><\/div>"},"excerpt":{"rendered":"R\u00c9F\u00c9RENCES Depuis 2009, notre liaison H\u00e9risson\u00ae\u00a0a \u00e9t\u00e9 utilis\u00e9e sur de nombreux chantiers, en France et au [...]","protected":false},"author":1,"featured_media":0,"parent":0,"menu_order":0,"comment_status":"closed","ping_status":"closed","template":"","meta":{"footnotes":""},"class_list":["post-73","page","type-page","status-publish","hentry"],"_links":{"self":[{"href":"http:\/\/www.armaturis.com\/en\/wp-json\/wp\/v2\/pages\/73","targetHints":{"allow":["GET"]}}],"collection":[{"href":"http:\/\/www.armaturis.com\/en\/wp-json\/wp\/v2\/pages"}],"about":[{"href":"http:\/\/www.armaturis.com\/en\/wp-json\/wp\/v2\/types\/page"}],"author":[{"embeddable":true,"href":"http:\/\/www.armaturis.com\/en\/wp-json\/wp\/v2\/users\/1"}],"replies":[{"embeddable":true,"href":"http:\/\/www.armaturis.com\/en\/wp-json\/wp\/v2\/comments?post=73"}],"version-history":[{"count":4,"href":"http:\/\/www.armaturis.com\/en\/wp-json\/wp\/v2\/pages\/73\/revisions"}],"predecessor-version":[{"id":217,"href":"http:\/\/www.armaturis.com\/en\/wp-json\/wp\/v2\/pages\/73\/revisions\/217"}],"wp:attachment":[{"href":"http:\/\/www.armaturis.com\/en\/wp-json\/wp\/v2\/media?parent=73"}],"curies":[{"name":"wp","href":"https:\/\/api.w.org\/{rel}","templated":true}]}}